{"id":41,"date":"2020-11-17T12:43:34","date_gmt":"2020-11-17T12:43:34","guid":{"rendered":"https:\/\/levinltd.com\/?page_id=41"},"modified":"2021-01-21T10:49:56","modified_gmt":"2021-01-21T10:49:56","slug":"sik-sorulan-sorular","status":"publish","type":"page","link":"https:\/\/levinltd.com\/en\/sik-sorulan-sorular\/","title":{"rendered":"FAQs"},"content":{"rendered":"<section class=\"l-section wpb_row us_custom_e40447ed height_custom\"><div class=\"l-section-h i-cf\"><div class=\"g-cols vc_row type_default valign_top\"><div class=\"vc_col-sm-12 wpb_column vc_column_container\"><div class=\"vc_column-inner\"><div class=\"wpb_wrapper\"><div class=\"w-image align_center\"><div class=\"w-image-h\"><img loading=\"lazy\" decoding=\"async\" width=\"1920\" height=\"400\" src=\"https:\/\/i0.wp.com\/levinltd.com\/wp-content\/uploads\/2020\/11\/x.png?fit=1920%2C400&amp;ssl=1\" class=\"attachment-full size-full\" alt=\"\" srcset=\"https:\/\/i0.wp.com\/levinltd.com\/wp-content\/uploads\/2020\/11\/x.png?w=1920&amp;ssl=1 1920w, https:\/\/i0.wp.com\/levinltd.com\/wp-content\/uploads\/2020\/11\/x.png?resize=300%2C63&amp;ssl=1 300w, https:\/\/i0.wp.com\/levinltd.com\/wp-content\/uploads\/2020\/11\/x.png?resize=1024%2C213&amp;ssl=1 1024w, https:\/\/i0.wp.com\/levinltd.com\/wp-content\/uploads\/2020\/11\/x.png?resize=1536%2C320&amp;ssl=1 1536w\" sizes=\"auto, (max-width: 1200px) 100vw, 1200px\" \/><\/div><\/div><\/div><\/div><\/div><\/div><\/div><\/section><section class=\"l-section wpb_row height_custom\"><div class=\"l-section-h i-cf\"><div class=\"g-cols vc_row type_default valign_top\"><div class=\"vc_col-sm-12 wpb_column vc_column_container\"><div class=\"vc_column-inner\"><div class=\"wpb_wrapper\"><h2 style=\"text-align: center;font-family:Abril Fatface;font-weight:400;font-style:normal\" class=\"vc_custom_heading us_custom_f12e585f\" >FAQs<\/h2><\/div><\/div><\/div><\/div><\/div><\/section><section class=\"l-section wpb_row height_custom\"><div class=\"l-section-h i-cf\"><div class=\"g-cols vc_row type_default valign_top\"><div class=\"vc_col-sm-12 wpb_column vc_column_container\"><div class=\"vc_column-inner\"><div class=\"wpb_wrapper\"><div class=\"wpb_text_column us_custom_d9b7bf4c\" ><div class=\"wpb_wrapper\"><p class=\"vc_custom_heading\"><strong>-Do you eat chocolate everyday?<\/strong><\/p>\n<p>+Yes, any chocolate produced in our facility can not reach to you without passing our quality standards. In the event of an error, it is intervened within the factory, during the production phase.<\/p>\n<p><strong>-Do you produce Madlen or Bonibon Chocolate?<\/strong><\/p>\n<p>+-No; unfortunately we don\u2019t produce these or special chocolate like truffle. We also don\u2019t produce hand-made retail products. Levin is not a patisserie or a chocolate shop, we produce in high tonnage (capacity) as a \u201cchocolate factory\u201d<\/p>\n<p><strong>-Can I visit your facility?<\/strong><\/p>\n<p>+You are always welcome to Levin in weekdays (Monday to Friday) between 10:00-18:00. It is important to make an appointment in advance so the authorized unit be in the company and can help. You can click on \u201cContact\u201d tab; top right on the site and can find us in Google Maps.<\/p>\n<p><strong>- Can you help with special prescriptions?<\/strong><\/p>\n<p>+Yes, there are productions and collaborations with special prescription in accordance with your request for your company.<\/p>\n<p><strong>- Is it possible to produce on behalf of our own label? (private label)<\/strong><\/p>\n<p>+Yes, we can produce on behalf of your label (private label) after in agreement with the terms and sign the contract.<\/p>\n<\/div><\/div><\/div><\/div><\/div><\/div><\/div><\/section>","protected":false},"excerpt":{"rendered":"S\u0131k Sorulan Sorular-Her g\u00fcn \u00e7ikolata yiyor musunuz ? +Evet, her al\u0131nan, \u00fcretilen parti bizim kalite standartlar\u0131m\u0131zdan ge\u00e7meden size gelemez. Bir sorun olmas\u0131 durumunda buna fabrika i\u00e7erisinde, \u00fcretim a\u015famas\u0131nda m\u00fcdahil olunur. -Madlen\/ Bonibon veya spesiyal \u00e7ikolata yap\u0131yor musunuz? +Hay\u0131r, maalesef bu \u00fcr\u00fcn gam\u0131nda veya spesyal \u00e7ikolata ad\u0131 verilen tr\u00fcff veya el eme\u011fi ile yap\u0131lan perakende \u00fcr\u00fcnler...","protected":false},"author":1,"featured_media":0,"parent":0,"menu_order":0,"comment_status":"closed","ping_status":"closed","template":"","meta":{"_eb_attr":"","footnotes":""},"class_list":["post-41","page","type-page","status-publish","hentry"],"yoast_head":"<!-- This site is optimized with the Yoast SEO plugin v27.3 - https:\/\/yoast.com\/product\/yoast-seo-wordpress\/ -->\n<title>S\u0131k Sorulan Sorular - Levin Ltd<\/title>\n<meta name=\"robots\" content=\"index, follow, max-snippet:-1, max-image-preview:large, max-video-preview:-1\" \/>\n<link rel=\"canonical\" href=\"https:\/\/levinltd.com\/en\/sik-sorulan-sorular\/\" \/>\n<meta property=\"og:locale\" content=\"en_US\" \/>\n<meta property=\"og:type\" content=\"article\" \/>\n<meta property=\"og:title\" content=\"S\u0131k Sorulan Sorular - Levin Ltd\" \/>\n<meta property=\"og:url\" content=\"https:\/\/levinltd.com\/en\/sik-sorulan-sorular\/\" \/>\n<meta property=\"og:site_name\" content=\"Levin Ltd\" \/>\n<meta property=\"article:publisher\" content=\"https:\/\/www.facebook.com\/people\/Levin-ikolata\" \/>\n<meta property=\"article:modified_time\" content=\"2021-01-21T10:49:56+00:00\" \/>\n<meta name=\"twitter:card\" content=\"summary_large_image\" \/>\n<meta name=\"twitter:site\" content=\"@levincikolata\" \/>\n<meta name=\"twitter:label1\" content=\"Est. reading time\" \/>\n\t<meta name=\"twitter:data1\" content=\"2 minutes\" \/>\n<script type=\"application\/ld+json\" class=\"yoast-schema-graph\">{\"@context\":\"https:\\\/\\\/schema.org\",\"@graph\":[{\"@type\":\"WebPage\",\"@id\":\"https:\\\/\\\/levinltd.com\\\/sik-sorulan-sorular\\\/\",\"url\":\"https:\\\/\\\/levinltd.com\\\/sik-sorulan-sorular\\\/\",\"name\":\"S\u0131k Sorulan Sorular - Levin Ltd\",\"isPartOf\":{\"@id\":\"https:\\\/\\\/levinltd.com\\\/#website\"},\"datePublished\":\"2020-11-17T12:43:34+00:00\",\"dateModified\":\"2021-01-21T10:49:56+00:00\",\"breadcrumb\":{\"@id\":\"https:\\\/\\\/levinltd.com\\\/sik-sorulan-sorular\\\/#breadcrumb\"},\"inLanguage\":\"en-US\",\"potentialAction\":[{\"@type\":\"ReadAction\",\"target\":[\"https:\\\/\\\/levinltd.com\\\/sik-sorulan-sorular\\\/\"]}]},{\"@type\":\"BreadcrumbList\",\"@id\":\"https:\\\/\\\/levinltd.com\\\/sik-sorulan-sorular\\\/#breadcrumb\",\"itemListElement\":[{\"@type\":\"ListItem\",\"position\":1,\"name\":\"Ana sayfa\",\"item\":\"https:\\\/\\\/levinltd.com\\\/\"},{\"@type\":\"ListItem\",\"position\":2,\"name\":\"S\u0131k Sorulan Sorular\"}]},{\"@type\":\"WebSite\",\"@id\":\"https:\\\/\\\/levinltd.com\\\/#website\",\"url\":\"https:\\\/\\\/levinltd.com\\\/\",\"name\":\"Levin Ltd\",\"description\":\"Kalite Herkes \u0130\u00e7indir\",\"publisher\":{\"@id\":\"https:\\\/\\\/levinltd.com\\\/#organization\"},\"potentialAction\":[{\"@type\":\"SearchAction\",\"target\":{\"@type\":\"EntryPoint\",\"urlTemplate\":\"https:\\\/\\\/levinltd.com\\\/?s={search_term_string}\"},\"query-input\":{\"@type\":\"PropertyValueSpecification\",\"valueRequired\":true,\"valueName\":\"search_term_string\"}}],\"inLanguage\":\"en-US\"},{\"@type\":\"Organization\",\"@id\":\"https:\\\/\\\/levinltd.com\\\/#organization\",\"name\":\"Levin Ltd\",\"url\":\"https:\\\/\\\/levinltd.com\\\/\",\"logo\":{\"@type\":\"ImageObject\",\"inLanguage\":\"en-US\",\"@id\":\"https:\\\/\\\/levinltd.com\\\/#\\\/schema\\\/logo\\\/image\\\/\",\"url\":\"https:\\\/\\\/levinltd.com\\\/wp-content\\\/uploads\\\/2023\\\/02\\\/LOGO.png\",\"contentUrl\":\"https:\\\/\\\/levinltd.com\\\/wp-content\\\/uploads\\\/2023\\\/02\\\/LOGO.png\",\"width\":500,\"height\":400,\"caption\":\"Levin Ltd\"},\"image\":{\"@id\":\"https:\\\/\\\/levinltd.com\\\/#\\\/schema\\\/logo\\\/image\\\/\"},\"sameAs\":[\"https:\\\/\\\/www.facebook.com\\\/people\\\/Levin-ikolata\",\"https:\\\/\\\/x.com\\\/levincikolata\",\"https:\\\/\\\/www.instagram.com\\\/levincikolata\\\/\"]}]}<\/script>\n<!-- \/ Yoast SEO plugin. -->","yoast_head_json":{"title":"S\u0131k Sorulan Sorular - Levin Ltd","robots":{"index":"index","follow":"follow","max-snippet":"max-snippet:-1","max-image-preview":"max-image-preview:large","max-video-preview":"max-video-preview:-1"},"canonical":"https:\/\/levinltd.com\/en\/sik-sorulan-sorular\/","og_locale":"en_US","og_type":"article","og_title":"S\u0131k Sorulan Sorular - Levin Ltd","og_url":"https:\/\/levinltd.com\/en\/sik-sorulan-sorular\/","og_site_name":"Levin Ltd","article_publisher":"https:\/\/www.facebook.com\/people\/Levin-ikolata","article_modified_time":"2021-01-21T10:49:56+00:00","twitter_card":"summary_large_image","twitter_site":"@levincikolata","twitter_misc":{"Est. reading time":"2 minutes"},"schema":{"@context":"https:\/\/schema.org","@graph":[{"@type":"WebPage","@id":"https:\/\/levinltd.com\/sik-sorulan-sorular\/","url":"https:\/\/levinltd.com\/sik-sorulan-sorular\/","name":"S\u0131k Sorulan Sorular - Levin Ltd","isPartOf":{"@id":"https:\/\/levinltd.com\/#website"},"datePublished":"2020-11-17T12:43:34+00:00","dateModified":"2021-01-21T10:49:56+00:00","breadcrumb":{"@id":"https:\/\/levinltd.com\/sik-sorulan-sorular\/#breadcrumb"},"inLanguage":"en-US","potentialAction":[{"@type":"ReadAction","target":["https:\/\/levinltd.com\/sik-sorulan-sorular\/"]}]},{"@type":"BreadcrumbList","@id":"https:\/\/levinltd.com\/sik-sorulan-sorular\/#breadcrumb","itemListElement":[{"@type":"ListItem","position":1,"name":"Ana sayfa","item":"https:\/\/levinltd.com\/"},{"@type":"ListItem","position":2,"name":"S\u0131k Sorulan Sorular"}]},{"@type":"WebSite","@id":"https:\/\/levinltd.com\/#website","url":"https:\/\/levinltd.com\/","name":"Levin Ltd","description":"Kalite Herkes \u0130\u00e7indir","publisher":{"@id":"https:\/\/levinltd.com\/#organization"},"potentialAction":[{"@type":"SearchAction","target":{"@type":"EntryPoint","urlTemplate":"https:\/\/levinltd.com\/?s={search_term_string}"},"query-input":{"@type":"PropertyValueSpecification","valueRequired":true,"valueName":"search_term_string"}}],"inLanguage":"en-US"},{"@type":"Organization","@id":"https:\/\/levinltd.com\/#organization","name":"Levin Ltd","url":"https:\/\/levinltd.com\/","logo":{"@type":"ImageObject","inLanguage":"en-US","@id":"https:\/\/levinltd.com\/#\/schema\/logo\/image\/","url":"https:\/\/levinltd.com\/wp-content\/uploads\/2023\/02\/LOGO.png","contentUrl":"https:\/\/levinltd.com\/wp-content\/uploads\/2023\/02\/LOGO.png","width":500,"height":400,"caption":"Levin Ltd"},"image":{"@id":"https:\/\/levinltd.com\/#\/schema\/logo\/image\/"},"sameAs":["https:\/\/www.facebook.com\/people\/Levin-ikolata","https:\/\/x.com\/levincikolata","https:\/\/www.instagram.com\/levincikolata\/"]}]}},"jetpack_sharing_enabled":true,"_links":{"self":[{"href":"https:\/\/levinltd.com\/en\/wp-json\/wp\/v2\/pages\/41","targetHints":{"allow":["GET"]}}],"collection":[{"href":"https:\/\/levinltd.com\/en\/wp-json\/wp\/v2\/pages"}],"about":[{"href":"https:\/\/levinltd.com\/en\/wp-json\/wp\/v2\/types\/page"}],"author":[{"embeddable":true,"href":"https:\/\/levinltd.com\/en\/wp-json\/wp\/v2\/users\/1"}],"replies":[{"embeddable":true,"href":"https:\/\/levinltd.com\/en\/wp-json\/wp\/v2\/comments?post=41"}],"version-history":[{"count":10,"href":"https:\/\/levinltd.com\/en\/wp-json\/wp\/v2\/pages\/41\/revisions"}],"predecessor-version":[{"id":359,"href":"https:\/\/levinltd.com\/en\/wp-json\/wp\/v2\/pages\/41\/revisions\/359"}],"wp:attachment":[{"href":"https:\/\/levinltd.com\/en\/wp-json\/wp\/v2\/media?parent=41"}],"curies":[{"name":"wp","href":"https:\/\/api.w.org\/{rel}","templated":true}]}}