{"id":47,"date":"2020-11-17T13:13:58","date_gmt":"2020-11-17T13:13:58","guid":{"rendered":"https:\/\/levinltd.com\/?page_id=47"},"modified":"2021-01-22T08:07:57","modified_gmt":"2021-01-22T08:07:57","slug":"biz-kimiz","status":"publish","type":"page","link":"http:\/\/levinltd.com\/en\/biz-kimiz\/","title":{"rendered":"About Us"},"content":{"rendered":"<section class=\"l-section wpb_row height_custom width_full\"><div class=\"l-section-h i-cf\"><div class=\"g-cols vc_row type_default valign_top\"><div class=\"vc_col-sm-12 wpb_column vc_column_container\"><div class=\"vc_column-inner\"><div class=\"wpb_wrapper\"><div class=\"w-image align_center\"><div class=\"w-image-h\"><img loading=\"lazy\" decoding=\"async\" width=\"1920\" height=\"400\" src=\"https:\/\/i0.wp.com\/levinltd.com\/wp-content\/uploads\/2020\/11\/xx.png?fit=1920%2C400&amp;ssl=1\" class=\"attachment-full size-full\" alt=\"\" srcset=\"https:\/\/i0.wp.com\/levinltd.com\/wp-content\/uploads\/2020\/11\/xx.png?w=1920&amp;ssl=1 1920w, https:\/\/i0.wp.com\/levinltd.com\/wp-content\/uploads\/2020\/11\/xx.png?resize=300%2C63&amp;ssl=1 300w, https:\/\/i0.wp.com\/levinltd.com\/wp-content\/uploads\/2020\/11\/xx.png?resize=1024%2C213&amp;ssl=1 1024w, https:\/\/i0.wp.com\/levinltd.com\/wp-content\/uploads\/2020\/11\/xx.png?resize=1536%2C320&amp;ssl=1 1536w\" sizes=\"auto, (max-width: 1200px) 100vw, 1200px\" \/><\/div><\/div><\/div><\/div><\/div><\/div><\/div><\/section><section class=\"l-section wpb_row height_custom\"><div class=\"l-section-h i-cf\"><div class=\"g-cols vc_row type_default valign_top\"><div class=\"vc_col-sm-12 wpb_column vc_column_container has_text_color\"><div class=\"vc_column-inner us_custom_e55afb0e\"><div class=\"wpb_wrapper\"><div class=\"w-separator size_small\"><\/div><h2 style=\"text-align: center;font-family:Philosopher;font-weight:400;font-style:normal\" class=\"vc_custom_heading us_custom_e55afb0e\" >\" Levin M\u00fchendislik Makina ve G\u0131da San. Tic. Ltd. \u015eti.\"<\/h2><div class=\"w-separator size_small\"><\/div><\/div><\/div><\/div><\/div><\/div><\/section><section class=\"l-section wpb_row height_custom\"><div class=\"l-section-h i-cf\"><div class=\"g-cols vc_row type_default valign_top\"><div class=\"vc_col-sm-12 wpb_column vc_column_container has_text_color\"><div class=\"vc_column-inner us_custom_e55afb0e\"><div class=\"wpb_wrapper\"><div class=\"wpb_text_column us_custom_3aeb02a1 has_text_color\" ><div class=\"wpb_wrapper\"><p><span style=\"color: #2e1503;\"><span style=\"font-family: Arial, sans-serif;\"><span style=\"font-size: medium;\"><b>INFORMATION<\/b><b>:\u00a0<\/b>After working for 15 years in the \u201cChocolate and Biscuit Sector\u201d in 1996, ODT\u00dc \u2018s two married engineers were enthusiastically established as a \u201cfamily company\u201d and has made all of its machines with their own. Now operates in the fields of pastry, chocolate, pastry, ice cream, etc. and continues its production and trading as second generation in Sultanbeyli \/ \u0130STANBUL. Levin, advocates quality for all and does not change its quality policy even in today, which economic conditions are becoming increasingly difficult. Levin argues that \u201cgood chocolate is a human right independent of the level of income.\u201dQUALITY FOR ALL\u201d is all about us.<\/span><\/span><\/span><\/p>\n<p><span style=\"color: #2e1503;\"><span style=\"font-family: Arial, sans-serif;\"><span style=\"font-size: medium;\"><b>VISION<\/b><b>:\u00a0<\/b>Provide professional product support to institutions and individuals looking for a high-quality standard, different taste and appearance without paying extra money for quality. Knowing that the urgency of the demand is occurring with the demand and to supply this demand as soon as possible; with good communication and zero error margin.<\/span><\/span><\/span><\/p>\n<p><span style=\"color: #ffffff;\"><span style=\"color: #2e1503;\">\u00a0<\/span><\/span><span style=\"color: #ffffff;\"><span style=\"font-family: Arial, sans-serif;\"><span style=\"font-size: medium;\"><span style=\"color: #2e1503;\"><b>MISSION<\/b><b> : <\/b>\u201cMaliyet\u201d de\u011fil, \u201ct\u00fcketici memnuniyeti&#8221; odakl\u0131 \u00f6zenle se\u00e7ti\u011fimiz &#8220;A&#8221; kalite hammaddelerle \u201cT\u00fcrk G\u0131da Kodeksi\u201dne uygun g\u0131da g\u00fcvenli\u011fi normlar\u0131nda , tecr\u00fcbeli , kalifiye , g\u00fcvenilir \u201caileden\u201d kadromuzla \u00fcretti\u011fimiz lezzet\u00e7i ve yenilik\u00e7i \u00fcr\u00fcnlerimizi; kaliteye ve yenili\u011fe ihtiyac\u0131 olan herkese &#8220;Levin Ltd&#8221; profesyo<\/span><\/span><\/span><\/span><span style=\"color: #2e1503;\"><span style=\"font-family: Arial, sans-serif;\"><span style=\"font-size: medium;\">nelli\u011find<\/span><\/span><span style=\"font-family: Arial, sans-serif;\"><span style=\"font-size: medium;\">e ula\u015ft\u0131rmakt\u0131r.<\/span><\/span><\/span><\/p>\n<\/div><\/div><\/div><\/div><\/div><\/div><\/div><\/section><section class=\"l-section wpb_row height_custom\"><div class=\"l-section-h i-cf\"><div class=\"g-cols vc_row type_default valign_top\"><div class=\"vc_col-sm-12 wpb_column vc_column_container\"><div class=\"vc_column-inner\"><div class=\"wpb_wrapper\"><div class=\"w-separator size_medium\"><\/div><\/div><\/div><\/div><\/div><\/div><\/section>","protected":false},"excerpt":{"rendered":"\" Levin M\u00fchendislik Makina ve G\u0131da San. Tic. Ltd. \u015eti.\"HAKKIMIZDA:\u00a0\u00c7ikolata ve Bisk\u00fcvi Sekt\u00f6r\u00fc&#8217;nde 15 sene \u00e7al\u0131\u015ft\u0131ktan sonra 1996 y\u0131l\u0131nda ODT\u00dc\u2019l\u00fc iki evli m\u00fchendis taraf\u0131ndan tutkuyla bir \u201caile \u015firketi\u201d olarak\u00a0 M\u00fchendislik, Makine ve G\u0131da kapsam\u0131nda kurulan Levin Ltd.; t\u00fcm \u00fcretim makinelerini kendi yapm\u0131\u015f ve g\u00fcn\u00fcm\u00fczde end\u00fcstriyel pastac\u0131l\u0131k konular\u0131nda faaliyet g\u00f6stermekte, \u00fcretim ve ticaretini Sultanbeyli \/ \u0130STANBUL...","protected":false},"author":1,"featured_media":0,"parent":0,"menu_order":0,"comment_status":"closed","ping_status":"closed","template":"","meta":{"_eb_attr":"","footnotes":""},"class_list":["post-47","page","type-page","status-publish","hentry"],"yoast_head":"<!-- This site is optimized with the Yoast SEO plugin v27.4 - https:\/\/yoast.com\/product\/yoast-seo-wordpress\/ -->\n<title>Biz Kimiz - Levin Ltd<\/title>\n<meta name=\"robots\" content=\"index, follow, max-snippet:-1, max-image-preview:large, max-video-preview:-1\" \/>\n<link rel=\"canonical\" href=\"https:\/\/levinltd.com\/en\/biz-kimiz\/\" \/>\n<meta property=\"og:locale\" content=\"en_US\" \/>\n<meta property=\"og:type\" content=\"article\" \/>\n<meta property=\"og:title\" content=\"Biz Kimiz - Levin Ltd\" \/>\n<meta property=\"og:url\" content=\"https:\/\/levinltd.com\/en\/biz-kimiz\/\" \/>\n<meta property=\"og:site_name\" content=\"Levin Ltd\" \/>\n<meta property=\"article:publisher\" content=\"https:\/\/www.facebook.com\/people\/Levin-ikolata\" \/>\n<meta property=\"article:modified_time\" content=\"2021-01-22T08:07:57+00:00\" \/>\n<meta name=\"twitter:card\" content=\"summary_large_image\" \/>\n<meta name=\"twitter:site\" content=\"@levincikolata\" \/>\n<meta name=\"twitter:label1\" content=\"Est. reading time\" \/>\n\t<meta name=\"twitter:data1\" content=\"1 minute\" \/>\n<script type=\"application\/ld+json\" class=\"yoast-schema-graph\">{\"@context\":\"https:\\\/\\\/schema.org\",\"@graph\":[{\"@type\":\"WebPage\",\"@id\":\"https:\\\/\\\/levinltd.com\\\/en\\\/biz-kimiz\\\/\",\"url\":\"https:\\\/\\\/levinltd.com\\\/en\\\/biz-kimiz\\\/\",\"name\":\"Biz Kimiz - Levin Ltd\",\"isPartOf\":{\"@id\":\"https:\\\/\\\/levinltd.com\\\/#website\"},\"datePublished\":\"2020-11-17T13:13:58+00:00\",\"dateModified\":\"2021-01-22T08:07:57+00:00\",\"breadcrumb\":{\"@id\":\"https:\\\/\\\/levinltd.com\\\/en\\\/biz-kimiz\\\/#breadcrumb\"},\"inLanguage\":\"en-US\",\"potentialAction\":[{\"@type\":\"ReadAction\",\"target\":[\"https:\\\/\\\/levinltd.com\\\/en\\\/biz-kimiz\\\/\"]}]},{\"@type\":\"BreadcrumbList\",\"@id\":\"https:\\\/\\\/levinltd.com\\\/en\\\/biz-kimiz\\\/#breadcrumb\",\"itemListElement\":[{\"@type\":\"ListItem\",\"position\":1,\"name\":\"Ana sayfa\",\"item\":\"https:\\\/\\\/levinltd.com\\\/\"},{\"@type\":\"ListItem\",\"position\":2,\"name\":\"Biz Kimiz\"}]},{\"@type\":\"WebSite\",\"@id\":\"https:\\\/\\\/levinltd.com\\\/#website\",\"url\":\"https:\\\/\\\/levinltd.com\\\/\",\"name\":\"Levin Ltd\",\"description\":\"Kalite Herkes \u0130\u00e7indir\",\"publisher\":{\"@id\":\"https:\\\/\\\/levinltd.com\\\/#organization\"},\"potentialAction\":[{\"@type\":\"SearchAction\",\"target\":{\"@type\":\"EntryPoint\",\"urlTemplate\":\"https:\\\/\\\/levinltd.com\\\/?s={search_term_string}\"},\"query-input\":{\"@type\":\"PropertyValueSpecification\",\"valueRequired\":true,\"valueName\":\"search_term_string\"}}],\"inLanguage\":\"en-US\"},{\"@type\":\"Organization\",\"@id\":\"https:\\\/\\\/levinltd.com\\\/#organization\",\"name\":\"Levin Ltd\",\"url\":\"https:\\\/\\\/levinltd.com\\\/\",\"logo\":{\"@type\":\"ImageObject\",\"inLanguage\":\"en-US\",\"@id\":\"https:\\\/\\\/levinltd.com\\\/#\\\/schema\\\/logo\\\/image\\\/\",\"url\":\"https:\\\/\\\/levinltd.com\\\/wp-content\\\/uploads\\\/2023\\\/02\\\/LOGO.png\",\"contentUrl\":\"https:\\\/\\\/levinltd.com\\\/wp-content\\\/uploads\\\/2023\\\/02\\\/LOGO.png\",\"width\":500,\"height\":400,\"caption\":\"Levin Ltd\"},\"image\":{\"@id\":\"https:\\\/\\\/levinltd.com\\\/#\\\/schema\\\/logo\\\/image\\\/\"},\"sameAs\":[\"https:\\\/\\\/www.facebook.com\\\/people\\\/Levin-ikolata\",\"https:\\\/\\\/x.com\\\/levincikolata\",\"https:\\\/\\\/www.instagram.com\\\/levincikolata\\\/\"]}]}<\/script>\n<!-- \/ Yoast SEO plugin. -->","yoast_head_json":{"title":"Biz Kimiz - Levin Ltd","robots":{"index":"index","follow":"follow","max-snippet":"max-snippet:-1","max-image-preview":"max-image-preview:large","max-video-preview":"max-video-preview:-1"},"canonical":"https:\/\/levinltd.com\/en\/biz-kimiz\/","og_locale":"en_US","og_type":"article","og_title":"Biz Kimiz - Levin Ltd","og_url":"https:\/\/levinltd.com\/en\/biz-kimiz\/","og_site_name":"Levin Ltd","article_publisher":"https:\/\/www.facebook.com\/people\/Levin-ikolata","article_modified_time":"2021-01-22T08:07:57+00:00","twitter_card":"summary_large_image","twitter_site":"@levincikolata","twitter_misc":{"Est. reading time":"1 minute"},"schema":{"@context":"https:\/\/schema.org","@graph":[{"@type":"WebPage","@id":"https:\/\/levinltd.com\/en\/biz-kimiz\/","url":"https:\/\/levinltd.com\/en\/biz-kimiz\/","name":"Biz Kimiz - Levin Ltd","isPartOf":{"@id":"https:\/\/levinltd.com\/#website"},"datePublished":"2020-11-17T13:13:58+00:00","dateModified":"2021-01-22T08:07:57+00:00","breadcrumb":{"@id":"https:\/\/levinltd.com\/en\/biz-kimiz\/#breadcrumb"},"inLanguage":"en-US","potentialAction":[{"@type":"ReadAction","target":["https:\/\/levinltd.com\/en\/biz-kimiz\/"]}]},{"@type":"BreadcrumbList","@id":"https:\/\/levinltd.com\/en\/biz-kimiz\/#breadcrumb","itemListElement":[{"@type":"ListItem","position":1,"name":"Ana sayfa","item":"https:\/\/levinltd.com\/"},{"@type":"ListItem","position":2,"name":"Biz Kimiz"}]},{"@type":"WebSite","@id":"https:\/\/levinltd.com\/#website","url":"https:\/\/levinltd.com\/","name":"Levin Ltd","description":"Kalite Herkes \u0130\u00e7indir","publisher":{"@id":"https:\/\/levinltd.com\/#organization"},"potentialAction":[{"@type":"SearchAction","target":{"@type":"EntryPoint","urlTemplate":"https:\/\/levinltd.com\/?s={search_term_string}"},"query-input":{"@type":"PropertyValueSpecification","valueRequired":true,"valueName":"search_term_string"}}],"inLanguage":"en-US"},{"@type":"Organization","@id":"https:\/\/levinltd.com\/#organization","name":"Levin Ltd","url":"https:\/\/levinltd.com\/","logo":{"@type":"ImageObject","inLanguage":"en-US","@id":"https:\/\/levinltd.com\/#\/schema\/logo\/image\/","url":"https:\/\/levinltd.com\/wp-content\/uploads\/2023\/02\/LOGO.png","contentUrl":"https:\/\/levinltd.com\/wp-content\/uploads\/2023\/02\/LOGO.png","width":500,"height":400,"caption":"Levin Ltd"},"image":{"@id":"https:\/\/levinltd.com\/#\/schema\/logo\/image\/"},"sameAs":["https:\/\/www.facebook.com\/people\/Levin-ikolata","https:\/\/x.com\/levincikolata","https:\/\/www.instagram.com\/levincikolata\/"]}]}},"jetpack_sharing_enabled":true,"_links":{"self":[{"href":"http:\/\/levinltd.com\/en\/wp-json\/wp\/v2\/pages\/47","targetHints":{"allow":["GET"]}}],"collection":[{"href":"http:\/\/levinltd.com\/en\/wp-json\/wp\/v2\/pages"}],"about":[{"href":"http:\/\/levinltd.com\/en\/wp-json\/wp\/v2\/types\/page"}],"author":[{"embeddable":true,"href":"http:\/\/levinltd.com\/en\/wp-json\/wp\/v2\/users\/1"}],"replies":[{"embeddable":true,"href":"http:\/\/levinltd.com\/en\/wp-json\/wp\/v2\/comments?post=47"}],"version-history":[{"count":25,"href":"http:\/\/levinltd.com\/en\/wp-json\/wp\/v2\/pages\/47\/revisions"}],"predecessor-version":[{"id":333,"href":"http:\/\/levinltd.com\/en\/wp-json\/wp\/v2\/pages\/47\/revisions\/333"}],"wp:attachment":[{"href":"http:\/\/levinltd.com\/en\/wp-json\/wp\/v2\/media?parent=47"}],"curies":[{"name":"wp","href":"https:\/\/api.w.org\/{rel}","templated":true}]}}