{"id":187,"date":"2020-11-19T09:59:59","date_gmt":"2020-11-19T09:59:59","guid":{"rendered":"https:\/\/levinltd.com\/?page_id=187"},"modified":"2020-11-19T10:56:20","modified_gmt":"2020-11-19T10:56:20","slug":"urun-cesitlerimiz","status":"publish","type":"page","link":"http:\/\/levinltd.com\/en\/urun-cesitlerimiz\/","title":{"rendered":"Range Of Products"},"content":{"rendered":"<section class=\"l-section wpb_row us_custom_9f87465b height_custom\"><div class=\"l-section-h i-cf\"><div class=\"g-cols vc_row type_default valign_top\"><div class=\"vc_col-sm-12 wpb_column vc_column_container\"><div class=\"vc_column-inner\"><div class=\"wpb_wrapper\"><h2 style=\"text-align: center;font-family:Open Sans;font-weight:400;font-style:normal\" class=\"vc_custom_heading us_custom_28ac94df\" >RANGE OF PRODUCTS<\/h2><div class=\"w-separator size_medium with_line width_default thick_1 style_solid color_border align_center\"><div class=\"w-separator-h\"><\/div><\/div><div class=\"w-grid type_grid layout_portfolio_1 cols_3 ratio_4x3\" id=\"us_grid_1\" data-filterable=\"true\"><style id=\"us_grid_1_css\">#us_grid_1 .w-grid-item{padding:1.5rem}#us_grid_1 .w-grid-list{margin:-1.5rem -1.5rem 1.5rem}.w-grid + #us_grid_1 .w-grid-list{margin-top:1.5rem}@media (max-width:899px){#us_grid_1 .w-grid-item{width:50%}#us_grid_1 .w-grid-item.size_2x1,#us_grid_1 .w-grid-item.size_2x2{width:100%}}@media (max-width:599px){#us_grid_1 .w-grid-list{margin:0}#us_grid_1 .w-grid-item{width:100%;padding:0;margin-bottom:1.5rem}}#us_grid_1 .w-grid-item-h:before{padding-bottom:75.0000%}<\/style><style>.layout_portfolio_1 .w-grid-item-h:before{padding-bottom:100.0000%}@media (min-width:600px){.layout_portfolio_1 .w-grid-item.size_1x2 .w-grid-item-h:before{padding-bottom:calc(200% + 1.5rem + 1.5rem)}.layout_portfolio_1 .w-grid-item.size_2x1 .w-grid-item-h:before{padding-bottom:calc(50% - 1.5rem * 1)}.layout_portfolio_1 .w-grid-item.size_2x2 .w-grid-item-h:before{padding-bottom:calc(100% - 1.5rem * 0)}}.layout_portfolio_1 .w-grid-item-h{background:#ffffff;color:#333333}.layout_portfolio_1 .usg_post_image_1{transition-duration:0.3s;transform-origin:50% 50%;transform:scale(1) translate(0,0)}.layout_portfolio_1 .w-grid-item-h:hover .usg_post_image_1{transform:scale(1) translate(0,-10%);opacity:1}.layout_portfolio_1 .usg_vwrapper_1{transition-duration:0.3s;transform-origin:50% 50%;transform:scale(1) translate(0,101%)}.layout_portfolio_1 .w-grid-item-h:hover .usg_vwrapper_1{transform:scale(1) translate(0,0);opacity:1}.layout_portfolio_1 .usg_post_custom_field_1{transition-duration:0.3s;transform-origin:50% 50%;transform:scale(1) translate(0,100%)}.layout_portfolio_1 .w-grid-item-h:hover .usg_post_custom_field_1{transform:scale(1) translate(0,0);opacity:1}.layout_portfolio_1 .usg_post_image_1{position:absolute!important;top:0!important;right:0!important;bottom:0!important;left:0!important}.layout_portfolio_1 .usg_vwrapper_1{position:absolute!important;right:0!important;bottom:-1px!important;left:0!important;background:inherit!important;padding:1.2rem 1.5rem 1.2rem 1.5rem!important}.layout_portfolio_1 .usg_post_title_1{color:inherit!important;font-size:1.4rem!important;margin-bottom:0.3rem!important}.layout_portfolio_1 .usg_post_custom_field_1{position:absolute!important;top:0!important;right:0!important;bottom:0!important;left:0!important}<\/style><div class=\"w-grid-list\" ><article class=\"w-grid-item size_1x1 post-61 us_portfolio type-us_portfolio status-publish has-post-thumbnail hentry us_portfolio_category-urunler\" data-id=\"61\">\r\n\t<div class=\"w-grid-item-h\">\r\n\t\t\t\t\t<a class=\"w-grid-item-anchor\" href=\"http:\/\/levinltd.com\/en\/portfolio\/blok-cikolata\/\" rel=\"bookmark\" aria-label=\"Block Chocolate\"><\/a>\r\n\t\t\t\t<div class=\"w-post-elm post_image usg_post_image_1 stretched\"><img loading=\"lazy\" decoding=\"async\" width=\"1024\" height=\"574\" src=\"https:\/\/i0.wp.com\/levinltd.com\/wp-content\/uploads\/2020\/11\/i.jpg?fit=1024%2C574&amp;ssl=1\" class=\"attachment-large size-large wp-post-image\" alt=\"\" srcset=\"https:\/\/i0.wp.com\/levinltd.com\/wp-content\/uploads\/2020\/11\/i.jpg?w=1138&amp;ssl=1 1138w, https:\/\/i0.wp.com\/levinltd.com\/wp-content\/uploads\/2020\/11\/i.jpg?resize=300%2C168&amp;ssl=1 300w, https:\/\/i0.wp.com\/levinltd.com\/wp-content\/uploads\/2020\/11\/i.jpg?resize=1024%2C574&amp;ssl=1 1024w\" sizes=\"auto, (max-width: 1024px) 100vw, 1024px\" \/><\/div><div class=\"w-vwrapper usg_vwrapper_1 align_center valign_top grid_arrow_top\"><h2 class=\"w-post-elm post_title usg_post_title_1 entry-title color_link_inherit has_text_color\">Block Chocolate<\/h2><div class=\"w-post-elm post_taxonomy usg_post_taxonomy_1 style_simple color_link_inherit\"><a href=\"http:\/\/levinltd.com\/en\/portfolio_category\/urunler\/\">Range Of Products<\/a><\/div><\/div>\t<\/div>\r\n<\/article>\r\n<article class=\"w-grid-item size_1x1 post-63 us_portfolio type-us_portfolio status-publish has-post-thumbnail hentry us_portfolio_category-urunler\" data-id=\"63\">\r\n\t<div class=\"w-grid-item-h\">\r\n\t\t\t\t\t<a class=\"w-grid-item-anchor\" href=\"http:\/\/levinltd.com\/en\/portfolio\/sivi-cikolata\/\" rel=\"bookmark\" aria-label=\"Liquid Chocolate\"><\/a>\r\n\t\t\t\t<div class=\"w-post-elm post_image usg_post_image_1 stretched\"><img loading=\"lazy\" decoding=\"async\" width=\"760\" height=\"566\" src=\"https:\/\/i0.wp.com\/levinltd.com\/wp-content\/uploads\/2020\/11\/i.png?fit=760%2C566&amp;ssl=1\" class=\"attachment-large size-large wp-post-image\" alt=\"\" srcset=\"https:\/\/i0.wp.com\/levinltd.com\/wp-content\/uploads\/2020\/11\/i.png?w=760&amp;ssl=1 760w, https:\/\/i0.wp.com\/levinltd.com\/wp-content\/uploads\/2020\/11\/i.png?resize=300%2C223&amp;ssl=1 300w\" sizes=\"auto, (max-width: 760px) 100vw, 760px\" \/><\/div><div class=\"w-vwrapper usg_vwrapper_1 align_center valign_top grid_arrow_top\"><h2 class=\"w-post-elm post_title usg_post_title_1 entry-title color_link_inherit has_text_color\">Liquid Chocolate<\/h2><div class=\"w-post-elm post_taxonomy usg_post_taxonomy_1 style_simple color_link_inherit\"><a href=\"http:\/\/levinltd.com\/en\/portfolio_category\/urunler\/\">Range Of Products<\/a><\/div><\/div>\t<\/div>\r\n<\/article>\r\n<article class=\"w-grid-item size_1x1 post-110 us_portfolio type-us_portfolio status-publish has-post-thumbnail hentry us_portfolio_category-urunler\" data-id=\"110\">\r\n\t<div class=\"w-grid-item-h\">\r\n\t\t\t\t\t<a class=\"w-grid-item-anchor\" href=\"http:\/\/levinltd.com\/en\/portfolio\/eritmelik\/\" rel=\"bookmark\" aria-label=\"Easy Melt Chocolate\"><\/a>\r\n\t\t\t\t<div class=\"w-post-elm post_image usg_post_image_1 stretched\"><img loading=\"lazy\" decoding=\"async\" width=\"760\" height=\"566\" src=\"https:\/\/i0.wp.com\/levinltd.com\/wp-content\/uploads\/2020\/11\/j.png?fit=760%2C566&amp;ssl=1\" class=\"attachment-large size-large wp-post-image\" alt=\"\" srcset=\"https:\/\/i0.wp.com\/levinltd.com\/wp-content\/uploads\/2020\/11\/j.png?w=760&amp;ssl=1 760w, https:\/\/i0.wp.com\/levinltd.com\/wp-content\/uploads\/2020\/11\/j.png?resize=300%2C223&amp;ssl=1 300w\" sizes=\"auto, (max-width: 760px) 100vw, 760px\" \/><\/div><div class=\"w-vwrapper usg_vwrapper_1 align_center valign_top grid_arrow_top\"><h2 class=\"w-post-elm post_title usg_post_title_1 entry-title color_link_inherit has_text_color\">Easy Melt Chocolate<\/h2><div class=\"w-post-elm post_taxonomy usg_post_taxonomy_1 style_simple color_link_inherit\"><a href=\"http:\/\/levinltd.com\/en\/portfolio_category\/urunler\/\">Range Of Products<\/a><\/div><\/div>\t<\/div>\r\n<\/article>\r\n<article class=\"w-grid-item size_1x1 post-123 us_portfolio type-us_portfolio status-publish has-post-thumbnail hentry us_portfolio_category-urunler\" data-id=\"123\">\r\n\t<div class=\"w-grid-item-h\">\r\n\t\t\t\t\t<a class=\"w-grid-item-anchor\" href=\"http:\/\/levinltd.com\/en\/portfolio\/dekorasyon\/\" rel=\"bookmark\" aria-label=\"Decorational Chocolate\"><\/a>\r\n\t\t\t\t<div class=\"w-post-elm post_image usg_post_image_1 stretched\"><img loading=\"lazy\" decoding=\"async\" width=\"748\" height=\"546\" src=\"https:\/\/i0.wp.com\/levinltd.com\/wp-content\/uploads\/2020\/11\/k.jpg?fit=748%2C546&amp;ssl=1\" class=\"attachment-large size-large wp-post-image\" alt=\"\" srcset=\"https:\/\/i0.wp.com\/levinltd.com\/wp-content\/uploads\/2020\/11\/k.jpg?w=748&amp;ssl=1 748w, https:\/\/i0.wp.com\/levinltd.com\/wp-content\/uploads\/2020\/11\/k.jpg?resize=300%2C219&amp;ssl=1 300w\" sizes=\"auto, (max-width: 748px) 100vw, 748px\" \/><\/div><div class=\"w-vwrapper usg_vwrapper_1 align_center valign_top grid_arrow_top\"><h2 class=\"w-post-elm post_title usg_post_title_1 entry-title color_link_inherit has_text_color\">Decorational Chocolate<\/h2><div class=\"w-post-elm post_taxonomy usg_post_taxonomy_1 style_simple color_link_inherit\"><a href=\"http:\/\/levinltd.com\/en\/portfolio_category\/urunler\/\">Range Of Products<\/a><\/div><\/div>\t<\/div>\r\n<\/article>\r\n<article class=\"w-grid-item size_1x1 post-156 us_portfolio type-us_portfolio status-publish has-post-thumbnail hentry us_portfolio_category-urunler\" data-id=\"156\">\r\n\t<div class=\"w-grid-item-h\">\r\n\t\t\t\t\t<a class=\"w-grid-item-anchor\" href=\"http:\/\/levinltd.com\/en\/portfolio\/krema\/\" rel=\"bookmark\" aria-label=\"Spreadable Products\"><\/a>\r\n\t\t\t\t<div class=\"w-post-elm post_image usg_post_image_1 stretched\"><img loading=\"lazy\" decoding=\"async\" width=\"760\" height=\"566\" src=\"https:\/\/i0.wp.com\/levinltd.com\/wp-content\/uploads\/2020\/11\/l.png?fit=760%2C566&amp;ssl=1\" class=\"attachment-large size-large wp-post-image\" alt=\"\" srcset=\"https:\/\/i0.wp.com\/levinltd.com\/wp-content\/uploads\/2020\/11\/l.png?w=760&amp;ssl=1 760w, https:\/\/i0.wp.com\/levinltd.com\/wp-content\/uploads\/2020\/11\/l.png?resize=300%2C223&amp;ssl=1 300w\" sizes=\"auto, (max-width: 760px) 100vw, 760px\" \/><\/div><div class=\"w-vwrapper usg_vwrapper_1 align_center valign_top grid_arrow_top\"><h2 class=\"w-post-elm post_title usg_post_title_1 entry-title color_link_inherit has_text_color\">Spreadable Products<\/h2><div class=\"w-post-elm post_taxonomy usg_post_taxonomy_1 style_simple color_link_inherit\"><a href=\"http:\/\/levinltd.com\/en\/portfolio_category\/urunler\/\">Range Of Products<\/a><\/div><\/div>\t<\/div>\r\n<\/article>\r\n<article class=\"w-grid-item size_1x1 post-65 us_portfolio type-us_portfolio status-publish has-post-thumbnail hentry us_portfolio_category-urunler\" data-id=\"65\">\r\n\t<div class=\"w-grid-item-h\">\r\n\t\t\t\t\t<a class=\"w-grid-item-anchor\" href=\"http:\/\/levinltd.com\/en\/portfolio\/eritmelik-cikolata\/\" rel=\"bookmark\" aria-label=\"Dragee Products\"><\/a>\r\n\t\t\t\t<div class=\"w-post-elm post_image usg_post_image_1 stretched\"><img loading=\"lazy\" decoding=\"async\" width=\"1024\" height=\"683\" src=\"https:\/\/i0.wp.com\/levinltd.com\/wp-content\/uploads\/2020\/11\/m-min-scaled.jpg?fit=1024%2C683&amp;ssl=1\" class=\"attachment-large size-large wp-post-image\" alt=\"\" srcset=\"https:\/\/i0.wp.com\/levinltd.com\/wp-content\/uploads\/2020\/11\/m-min-scaled.jpg?w=2560&amp;ssl=1 2560w, https:\/\/i0.wp.com\/levinltd.com\/wp-content\/uploads\/2020\/11\/m-min-scaled.jpg?resize=300%2C200&amp;ssl=1 300w, https:\/\/i0.wp.com\/levinltd.com\/wp-content\/uploads\/2020\/11\/m-min-scaled.jpg?resize=1024%2C683&amp;ssl=1 1024w, https:\/\/i0.wp.com\/levinltd.com\/wp-content\/uploads\/2020\/11\/m-min-scaled.jpg?resize=1536%2C1024&amp;ssl=1 1536w, https:\/\/i0.wp.com\/levinltd.com\/wp-content\/uploads\/2020\/11\/m-min-scaled.jpg?w=2400&amp;ssl=1 2400w\" sizes=\"auto, (max-width: 1024px) 100vw, 1024px\" \/><\/div><div class=\"w-vwrapper usg_vwrapper_1 align_center valign_top grid_arrow_top\"><h2 class=\"w-post-elm post_title usg_post_title_1 entry-title color_link_inherit has_text_color\">Dragee Products<\/h2><div class=\"w-post-elm post_taxonomy usg_post_taxonomy_1 style_simple color_link_inherit\"><a href=\"http:\/\/levinltd.com\/en\/portfolio_category\/urunler\/\">Range Of Products<\/a><\/div><\/div>\t<\/div>\r\n<\/article>\r\n<\/div><div class=\"w-grid-preloader\"><div class=\"g-preloader type_1\">\r\n\t<div><\/div>\r\n<\/div>\r\n<\/div>\t<div class=\"w-grid-json hidden\" onclick='return {&quot;action&quot;:&quot;us_ajax_grid&quot;,&quot;ajax_url&quot;:&quot;https:\\\/\\\/levinltd.com\\\/wp-admin\\\/admin-ajax.php&quot;,&quot;infinite_scroll&quot;:0,&quot;max_num_pages&quot;:1,&quot;pagination&quot;:&quot;ajax&quot;,&quot;permalink_url&quot;:&quot;http:\\\/\\\/levinltd.com\\\/en\\\/wp-json\\\/wp\\\/v2\\\/pages\\\/187&quot;,&quot;template_vars&quot;:{&quot;columns&quot;:&quot;3&quot;,&quot;exclude_items&quot;:&quot;none&quot;,&quot;img_size&quot;:&quot;default&quot;,&quot;ignore_items_size&quot;:false,&quot;items_layout&quot;:&quot;portfolio_1&quot;,&quot;items_offset&quot;:&quot;1&quot;,&quot;load_animation&quot;:&quot;none&quot;,&quot;overriding_link&quot;:&quot;post&quot;,&quot;post_id&quot;:187,&quot;query_args&quot;:{&quot;post_type&quot;:[&quot;us_portfolio&quot;],&quot;tax_query&quot;:[{&quot;taxonomy&quot;:&quot;us_portfolio_category&quot;,&quot;field&quot;:&quot;slug&quot;,&quot;terms&quot;:[&quot;urunler&quot;]}],&quot;post_status&quot;:[&quot;publish&quot;],&quot;posts_per_page&quot;:&quot;6&quot;},&quot;orderby_query_args&quot;:{&quot;orderby&quot;:{&quot;menu_order&quot;:&quot;ASC&quot;}},&quot;type&quot;:&quot;grid&quot;,&quot;us_grid_ajax_index&quot;:1,&quot;us_grid_filter_params&quot;:null,&quot;us_grid_index&quot;:1,&quot;_us_grid_post_type&quot;:&quot;us_portfolio&quot;}}'><\/div>\r\n\t<\/div><\/div><\/div><\/div><\/div><\/div><\/section>","protected":false},"excerpt":{"rendered":"\u00bd Kaplama:Foto\u011frafta 1 kg f\u0131nd\u0131k, 2kg \u00e7ikolata ile kaplanm\u0131\u015ft\u0131r.DRAJE \u00dcR\u00dcNLER\"Kaplama oranlar\u0131 m\u00fc\u015fterinin iste\u011fi do\u011frultusunda de\u011fi\u015febilir. 1\/1 veya daha y\u00fcksek oranlarda kaplama yapmak m\u00fcmk\u00fcnd\u00fcr.\"FINDIK DRAJE: Giresun F\u0131nd\u0131klar\u0131n\u0131n \u00bd oranda S\u00fctl\u00fc \u00e7ikolata ile kaplanmas\u0131 sonucu olu\u015fan \u201cF\u0131nd\u0131k Draje\u201d \u00f6zel g\u00fcnlerinizi, kutlamalar\u0131n\u0131z\u0131 veya at\u0131\u015ft\u0131rmal\u0131k beklentilerinizi kar\u015f\u0131lar. FISTIK DRAJE : Me\u015fhur Antep F\u0131st\u0131\u011f\u0131n\u0131n \u00bd oran\u0131nda Bitter veya S\u00fctl\u00fc \u00e7ikolata...","protected":false},"author":1,"featured_media":0,"parent":0,"menu_order":0,"comment_status":"closed","ping_status":"closed","template":"","meta":{"_eb_attr":"","footnotes":""},"class_list":["post-187","page","type-page","status-publish","hentry"],"yoast_head":"<!-- This site is optimized with the Yoast SEO plugin v27.4 - https:\/\/yoast.com\/product\/yoast-seo-wordpress\/ -->\n<title>\u00dcr\u00fcn \u00c7e\u015fitlerimiz - Levin Ltd<\/title>\n<meta name=\"robots\" content=\"index, follow, max-snippet:-1, max-image-preview:large, max-video-preview:-1\" \/>\n<link rel=\"canonical\" href=\"https:\/\/levinltd.com\/en\/urun-cesitlerimiz\/\" \/>\n<meta property=\"og:locale\" content=\"en_US\" \/>\n<meta property=\"og:type\" content=\"article\" \/>\n<meta property=\"og:title\" content=\"\u00dcr\u00fcn \u00c7e\u015fitlerimiz - Levin Ltd\" \/>\n<meta property=\"og:url\" content=\"https:\/\/levinltd.com\/en\/urun-cesitlerimiz\/\" \/>\n<meta property=\"og:site_name\" content=\"Levin Ltd\" \/>\n<meta property=\"article:publisher\" content=\"https:\/\/www.facebook.com\/people\/Levin-ikolata\" \/>\n<meta property=\"article:modified_time\" content=\"2020-11-19T10:56:20+00:00\" \/>\n<meta name=\"twitter:card\" content=\"summary_large_image\" \/>\n<meta name=\"twitter:site\" content=\"@levincikolata\" \/>\n<meta name=\"twitter:label1\" content=\"Est. reading time\" \/>\n\t<meta name=\"twitter:data1\" content=\"1 minute\" \/>\n<script type=\"application\/ld+json\" class=\"yoast-schema-graph\">{\"@context\":\"https:\\\/\\\/schema.org\",\"@graph\":[{\"@type\":\"WebPage\",\"@id\":\"https:\\\/\\\/levinltd.com\\\/urun-cesitlerimiz\\\/\",\"url\":\"https:\\\/\\\/levinltd.com\\\/urun-cesitlerimiz\\\/\",\"name\":\"\u00dcr\u00fcn \u00c7e\u015fitlerimiz - Levin Ltd\",\"isPartOf\":{\"@id\":\"https:\\\/\\\/levinltd.com\\\/#website\"},\"datePublished\":\"2020-11-19T09:59:59+00:00\",\"dateModified\":\"2020-11-19T10:56:20+00:00\",\"breadcrumb\":{\"@id\":\"https:\\\/\\\/levinltd.com\\\/urun-cesitlerimiz\\\/#breadcrumb\"},\"inLanguage\":\"en-US\",\"potentialAction\":[{\"@type\":\"ReadAction\",\"target\":[\"https:\\\/\\\/levinltd.com\\\/urun-cesitlerimiz\\\/\"]}]},{\"@type\":\"BreadcrumbList\",\"@id\":\"https:\\\/\\\/levinltd.com\\\/urun-cesitlerimiz\\\/#breadcrumb\",\"itemListElement\":[{\"@type\":\"ListItem\",\"position\":1,\"name\":\"Ana sayfa\",\"item\":\"https:\\\/\\\/levinltd.com\\\/\"},{\"@type\":\"ListItem\",\"position\":2,\"name\":\"\u00dcr\u00fcn \u00c7e\u015fitlerimiz\"}]},{\"@type\":\"WebSite\",\"@id\":\"https:\\\/\\\/levinltd.com\\\/#website\",\"url\":\"https:\\\/\\\/levinltd.com\\\/\",\"name\":\"Levin Ltd\",\"description\":\"Kalite Herkes \u0130\u00e7indir\",\"publisher\":{\"@id\":\"https:\\\/\\\/levinltd.com\\\/#organization\"},\"potentialAction\":[{\"@type\":\"SearchAction\",\"target\":{\"@type\":\"EntryPoint\",\"urlTemplate\":\"https:\\\/\\\/levinltd.com\\\/?s={search_term_string}\"},\"query-input\":{\"@type\":\"PropertyValueSpecification\",\"valueRequired\":true,\"valueName\":\"search_term_string\"}}],\"inLanguage\":\"en-US\"},{\"@type\":\"Organization\",\"@id\":\"https:\\\/\\\/levinltd.com\\\/#organization\",\"name\":\"Levin Ltd\",\"url\":\"https:\\\/\\\/levinltd.com\\\/\",\"logo\":{\"@type\":\"ImageObject\",\"inLanguage\":\"en-US\",\"@id\":\"https:\\\/\\\/levinltd.com\\\/#\\\/schema\\\/logo\\\/image\\\/\",\"url\":\"https:\\\/\\\/levinltd.com\\\/wp-content\\\/uploads\\\/2023\\\/02\\\/LOGO.png\",\"contentUrl\":\"https:\\\/\\\/levinltd.com\\\/wp-content\\\/uploads\\\/2023\\\/02\\\/LOGO.png\",\"width\":500,\"height\":400,\"caption\":\"Levin Ltd\"},\"image\":{\"@id\":\"https:\\\/\\\/levinltd.com\\\/#\\\/schema\\\/logo\\\/image\\\/\"},\"sameAs\":[\"https:\\\/\\\/www.facebook.com\\\/people\\\/Levin-ikolata\",\"https:\\\/\\\/x.com\\\/levincikolata\",\"https:\\\/\\\/www.instagram.com\\\/levincikolata\\\/\"]}]}<\/script>\n<!-- \/ Yoast SEO plugin. -->","yoast_head_json":{"title":"\u00dcr\u00fcn \u00c7e\u015fitlerimiz - Levin Ltd","robots":{"index":"index","follow":"follow","max-snippet":"max-snippet:-1","max-image-preview":"max-image-preview:large","max-video-preview":"max-video-preview:-1"},"canonical":"https:\/\/levinltd.com\/en\/urun-cesitlerimiz\/","og_locale":"en_US","og_type":"article","og_title":"\u00dcr\u00fcn \u00c7e\u015fitlerimiz - Levin Ltd","og_url":"https:\/\/levinltd.com\/en\/urun-cesitlerimiz\/","og_site_name":"Levin Ltd","article_publisher":"https:\/\/www.facebook.com\/people\/Levin-ikolata","article_modified_time":"2020-11-19T10:56:20+00:00","twitter_card":"summary_large_image","twitter_site":"@levincikolata","twitter_misc":{"Est. reading time":"1 minute"},"schema":{"@context":"https:\/\/schema.org","@graph":[{"@type":"WebPage","@id":"https:\/\/levinltd.com\/urun-cesitlerimiz\/","url":"https:\/\/levinltd.com\/urun-cesitlerimiz\/","name":"\u00dcr\u00fcn \u00c7e\u015fitlerimiz - Levin Ltd","isPartOf":{"@id":"https:\/\/levinltd.com\/#website"},"datePublished":"2020-11-19T09:59:59+00:00","dateModified":"2020-11-19T10:56:20+00:00","breadcrumb":{"@id":"https:\/\/levinltd.com\/urun-cesitlerimiz\/#breadcrumb"},"inLanguage":"en-US","potentialAction":[{"@type":"ReadAction","target":["https:\/\/levinltd.com\/urun-cesitlerimiz\/"]}]},{"@type":"BreadcrumbList","@id":"https:\/\/levinltd.com\/urun-cesitlerimiz\/#breadcrumb","itemListElement":[{"@type":"ListItem","position":1,"name":"Ana sayfa","item":"https:\/\/levinltd.com\/"},{"@type":"ListItem","position":2,"name":"\u00dcr\u00fcn \u00c7e\u015fitlerimiz"}]},{"@type":"WebSite","@id":"https:\/\/levinltd.com\/#website","url":"https:\/\/levinltd.com\/","name":"Levin Ltd","description":"Kalite Herkes \u0130\u00e7indir","publisher":{"@id":"https:\/\/levinltd.com\/#organization"},"potentialAction":[{"@type":"SearchAction","target":{"@type":"EntryPoint","urlTemplate":"https:\/\/levinltd.com\/?s={search_term_string}"},"query-input":{"@type":"PropertyValueSpecification","valueRequired":true,"valueName":"search_term_string"}}],"inLanguage":"en-US"},{"@type":"Organization","@id":"https:\/\/levinltd.com\/#organization","name":"Levin Ltd","url":"https:\/\/levinltd.com\/","logo":{"@type":"ImageObject","inLanguage":"en-US","@id":"https:\/\/levinltd.com\/#\/schema\/logo\/image\/","url":"https:\/\/levinltd.com\/wp-content\/uploads\/2023\/02\/LOGO.png","contentUrl":"https:\/\/levinltd.com\/wp-content\/uploads\/2023\/02\/LOGO.png","width":500,"height":400,"caption":"Levin Ltd"},"image":{"@id":"https:\/\/levinltd.com\/#\/schema\/logo\/image\/"},"sameAs":["https:\/\/www.facebook.com\/people\/Levin-ikolata","https:\/\/x.com\/levincikolata","https:\/\/www.instagram.com\/levincikolata\/"]}]}},"jetpack_sharing_enabled":true,"_links":{"self":[{"href":"http:\/\/levinltd.com\/en\/wp-json\/wp\/v2\/pages\/187","targetHints":{"allow":["GET"]}}],"collection":[{"href":"http:\/\/levinltd.com\/en\/wp-json\/wp\/v2\/pages"}],"about":[{"href":"http:\/\/levinltd.com\/en\/wp-json\/wp\/v2\/types\/page"}],"author":[{"embeddable":true,"href":"http:\/\/levinltd.com\/en\/wp-json\/wp\/v2\/users\/1"}],"replies":[{"embeddable":true,"href":"http:\/\/levinltd.com\/en\/wp-json\/wp\/v2\/comments?post=187"}],"version-history":[{"count":7,"href":"http:\/\/levinltd.com\/en\/wp-json\/wp\/v2\/pages\/187\/revisions"}],"predecessor-version":[{"id":195,"href":"http:\/\/levinltd.com\/en\/wp-json\/wp\/v2\/pages\/187\/revisions\/195"}],"wp:attachment":[{"href":"http:\/\/levinltd.com\/en\/wp-json\/wp\/v2\/media?parent=187"}],"curies":[{"name":"wp","href":"https:\/\/api.w.org\/{rel}","templated":true}]}}